{"id":76,"date":"2025-07-04T05:55:47","date_gmt":"2025-07-04T05:55:47","guid":{"rendered":"http:\/\/xn--anne-e-thrapeute-jqb.fr\/?page_id=76"},"modified":"2025-07-19T08:36:23","modified_gmt":"2025-07-19T08:36:23","slug":"hypnose-ericksonienne","status":"publish","type":"page","link":"https:\/\/xn--anne-e-thrapeute-jqb.fr\/?page_id=76","title":{"rendered":"Hypnose Ericksonienne"},"content":{"rendered":"\n<figure class=\"wp-block-gallery has-nested-images columns-default is-cropped wp-block-gallery-1 is-layout-flex wp-block-gallery-is-layout-flex\">\n<figure class=\"wp-block-image size-large\"><img loading=\"lazy\" decoding=\"async\" width=\"900\" height=\"600\" data-id=\"109\" src=\"https:\/\/xn--anne-e-thrapeute-jqb.fr\/wp-content\/uploads\/2025\/07\/IMG_20250620_153047-1.jpg\" alt=\"\" class=\"wp-image-109\" srcset=\"https:\/\/xn--anne-e-thrapeute-jqb.fr\/wp-content\/uploads\/2025\/07\/IMG_20250620_153047-1.jpg 900w, https:\/\/xn--anne-e-thrapeute-jqb.fr\/wp-content\/uploads\/2025\/07\/IMG_20250620_153047-1-300x200.jpg 300w, https:\/\/xn--anne-e-thrapeute-jqb.fr\/wp-content\/uploads\/2025\/07\/IMG_20250620_153047-1-768x512.jpg 768w\" sizes=\"auto, (max-width: 767px) 89vw, (max-width: 1000px) 54vw, (max-width: 1071px) 543px, 580px\" \/><\/figure>\n<\/figure>\n\n\n\n<p><strong>L&rsquo;HYPNOSE , c&rsquo;est quoi ?<\/strong><\/p>\n\n\n\n<p>&nbsp; &nbsp; &nbsp;. C &lsquo;est un \u00e9tat de conscience particulier,&nbsp;qui n&rsquo;est ni un \u00e9tat de sommeil, ni un \u00e9tat de veille, c&rsquo;est tout simplement un \u00e9tat de conscience modifi\u00e9.<\/p>\n\n\n\n<p>&nbsp; &nbsp; &nbsp; . C&rsquo;est une th\u00e9rapeutique compos\u00e9e de suggestions directes ou indirectes ,de m\u00e9taphores et de symboles.<\/p>\n\n\n\n<p>&nbsp; &nbsp;.L&rsquo;hypnose ne se substitue pas \u00e0 un traitement m\u00e9dical mais&nbsp;c&rsquo;est un formidable outil de transformation !<\/p>\n\n\n\n<p>Je suis \u00e9galement sp\u00e9cialis\u00e9e dans&nbsp;l&rsquo;accompagnement au deuil ; r\u00e9tablir ou \u00e9tablir un autre lien invisible avec le d\u00e9funt , lever le trauma de s\u00e9paration et apaiser la douleur .<\/p>\n\n\n\n<p><strong>Comment agit-t-elle ?<\/strong><\/p>\n\n\n\n<p>&nbsp; &nbsp;. l&rsquo;\u00e9tat \u00ab\u00a0second\u00a0\u00bb est un \u00e9tat naturel&nbsp;au cours duquel l&rsquo;attention au monde est diminu\u00e9e pour permettre \u00e0 l&rsquo;inconscient d&rsquo;\u00eatre plus pr\u00e9sent et de percevoir de nouvelles informations et stimuler les ressources du consultant.<\/p>\n\n\n\n<p>&nbsp; &nbsp;. Elle permet d&rsquo;introduire des changements durables dans l&rsquo;esprit de la personne en fonction des objectifs d\u00e9finis au d\u00e9but de la th\u00e9rapie.<\/p>\n\n\n\n<p><strong>Domaine d&rsquo;intervention:<\/strong><\/p>\n\n\n\n<ul class=\"wp-block-list\">\n<li>Gestion de la douleur morale, des \u00e9motions n\u00e9gatives<\/li>\n\n\n\n<li>Mal \u00eatre int\u00e9rieur<\/li>\n\n\n\n<li>Gestion des peurs, des phobies<\/li>\n\n\n\n<li>Travailler sur l&rsquo;estime de soi, la confiance en soi<\/li>\n\n\n\n<li>Arr\u00eat du tabac<\/li>\n\n\n\n<li>Gestion des deuils, des traumatismes divers<\/li>\n\n\n\n<li>Comportements n\u00e9gatifs r\u00e9currents<\/li>\n\n\n\n<li>Toutes autres demandes personnelle<\/li>\n<\/ul>\n\n\n\n<p><strong>&nbsp;D\u00e9roulement d&rsquo;une s\u00e9ance :<\/strong><\/p>\n\n\n\n<p>&nbsp; Vous \u00eates assis confortablement dans un fauteuil et au son d&rsquo;une musique douce, vous entendez mes paroles rassurantes .Vous n&rsquo;\u00eates pas endormi ,le mental est juste laiss\u00e9 de c\u00f4t\u00e9 pour laisser la place \u00e0 l&rsquo;inconscient afin de proc\u00e9der aux changements .<\/p>\n\n\n\n<p>&nbsp; La s\u00e9ance dure 1h30 environ avec au pr\u00e9alable un petit entretien pour \u00eatre \u00e0 l&rsquo;\u00e9coute de votre souffrance et fixer votre objectif.<\/p>\n\n\n\n<p>&nbsp; La th\u00e9rapie se d\u00e9roule en 3 \u00e0 4 s\u00e9ances , mais 2 s\u00e9ances peuvent suffire suivant la r\u00e9ceptivit\u00e9, le probl\u00e8me \u00e0 r\u00e9soudre&nbsp;et votre aptitude \u00e0 recevoir un soin d&rsquo;hypnose .Vous pouvez \u00e9galement avoir besoin d&rsquo;un suivi plus long .L&rsquo;essentiel , c&rsquo;est de prendre le temps d&rsquo;infuser le processus et d&rsquo;observer les changements dans votre vie quotidienne.<\/p>\n\n\n\n<p><strong>TARIF :&nbsp;<\/strong><\/p>\n\n\n\n<p>&nbsp; &nbsp; &nbsp; . 60 EUROS la s\u00e9ance&nbsp; &nbsp;individuelle<\/p>\n\n\n\n<p>&nbsp; &nbsp; &nbsp; . 80 EUROS ARR\u00caT TABAC&nbsp; &nbsp; &nbsp;<\/p>\n\n\n\n<p>\u200b<\/p>\n\n\n\n<p>&nbsp; &nbsp; &nbsp; &nbsp; &nbsp; &nbsp; &nbsp; &nbsp; &nbsp; &nbsp; &nbsp; &nbsp; &nbsp; &nbsp; &nbsp; &nbsp; &nbsp;<strong>\u00a0\u00bb Faites confiance \u00e0 votre inconscient ,cet immense magasin de solutions \u00ab\u00a0<\/strong><\/p>\n\n\n\n<p>&nbsp; &nbsp; &nbsp; &nbsp; &nbsp; &nbsp; &nbsp; &nbsp; &nbsp; &nbsp; &nbsp; &nbsp; &nbsp; &nbsp; &nbsp; &nbsp; &nbsp; &nbsp; &nbsp; &nbsp; &nbsp; &nbsp; &nbsp; &nbsp; &nbsp; &nbsp; &nbsp; &nbsp; &nbsp; &nbsp; &nbsp; &nbsp; &nbsp; &nbsp; &nbsp; &nbsp; &nbsp; &nbsp; &nbsp; &nbsp; &nbsp; &nbsp; &nbsp; &nbsp; &nbsp; &nbsp; &nbsp; &nbsp; &nbsp; &nbsp; &nbsp; &nbsp; &nbsp; &nbsp; &nbsp;<strong>&nbsp;Milton H.Erickson<\/strong><\/p>\n\n\n\n<p><\/p>\n\n\n\n<p><\/p>\n\n\n\n<p>\u00ab\u00a0Transformez votre vie gr\u00e2ce \u00e0 l&rsquo;hypnose Ericksonienne .Soulagez vos maux par les mots ! Atteignez vos&nbsp;objectifs par l&rsquo;hypnose et devenez la meilleure version de Vous -m\u00eame !\u00a0\u00bb<\/p>\n\n\n\n<p><\/p>\n\n\n\n<p class=\"has-text-align-center\">C\u2019est d\u00e9cid\u00e9 !!! j\u2019arr\u00eate de fumer !<\/p>\n\n\n\n<p class=\"has-text-align-center\">Comment m\u2019aider \u00e0 mieux vivre mon deuil ?<\/p>\n\n\n\n<p class=\"has-text-align-center\"><\/p>\n\n\n\n<p class=\"has-text-align-center\">J\u2019ai des douleurs multiples, aidez moi \u00e0 me soulager !<\/p>\n\n\n\n<p class=\"has-text-align-center\">Je n&rsquo;arrive plus \u00e0 y voir clair dans ma vie &#8230;., que dois-je faire ?<\/p>\n\n\n\n<figure class=\"wp-block-image size-large\"><img loading=\"lazy\" decoding=\"async\" width=\"1024\" height=\"854\" src=\"https:\/\/xn--anne-e-thrapeute-jqb.fr\/wp-content\/uploads\/2025\/07\/4photos-1024x854.jpg\" alt=\"\" class=\"wp-image-202\" srcset=\"https:\/\/xn--anne-e-thrapeute-jqb.fr\/wp-content\/uploads\/2025\/07\/4photos-1024x854.jpg 1024w, https:\/\/xn--anne-e-thrapeute-jqb.fr\/wp-content\/uploads\/2025\/07\/4photos-300x250.jpg 300w, https:\/\/xn--anne-e-thrapeute-jqb.fr\/wp-content\/uploads\/2025\/07\/4photos-768x641.jpg 768w, https:\/\/xn--anne-e-thrapeute-jqb.fr\/wp-content\/uploads\/2025\/07\/4photos.jpg 1111w\" sizes=\"auto, (max-width: 767px) 89vw, (max-width: 1000px) 54vw, (max-width: 1071px) 543px, 580px\" \/><\/figure>\n\n\n\n<p><\/p>\n","protected":false},"excerpt":{"rendered":"<p>L&rsquo;HYPNOSE , c&rsquo;est quoi ? &nbsp; &nbsp; &nbsp;. C &lsquo;est un \u00e9tat de conscience particulier,&nbsp;qui n&rsquo;est ni un \u00e9tat de sommeil, ni un \u00e9tat de veille, c&rsquo;est tout simplement un \u00e9tat de conscience modifi\u00e9. &nbsp; &nbsp; &nbsp; . C&rsquo;est une th\u00e9rapeutique compos\u00e9e de suggestions directes ou indirectes ,de m\u00e9taphores et de symboles. &nbsp; &nbsp;.L&rsquo;hypnose ne &hellip; <\/p>\n<p class=\"link-more\"><a href=\"https:\/\/xn--anne-e-thrapeute-jqb.fr\/?page_id=76\" class=\"more-link\">Continuer la lecture<span class=\"screen-reader-text\"> de &laquo;&nbsp;Hypnose Ericksonienne&nbsp;&raquo;<\/span><\/a><\/p>\n","protected":false},"author":1,"featured_media":0,"parent":0,"menu_order":0,"comment_status":"closed","ping_status":"closed","template":"","meta":{"footnotes":""},"class_list":["post-76","page","type-page","status-publish","hentry"],"_links":{"self":[{"href":"https:\/\/xn--anne-e-thrapeute-jqb.fr\/index.php?rest_route=\/wp\/v2\/pages\/76","targetHints":{"allow":["GET"]}}],"collection":[{"href":"https:\/\/xn--anne-e-thrapeute-jqb.fr\/index.php?rest_route=\/wp\/v2\/pages"}],"about":[{"href":"https:\/\/xn--anne-e-thrapeute-jqb.fr\/index.php?rest_route=\/wp\/v2\/types\/page"}],"author":[{"embeddable":true,"href":"https:\/\/xn--anne-e-thrapeute-jqb.fr\/index.php?rest_route=\/wp\/v2\/users\/1"}],"replies":[{"embeddable":true,"href":"https:\/\/xn--anne-e-thrapeute-jqb.fr\/index.php?rest_route=%2Fwp%2Fv2%2Fcomments&post=76"}],"version-history":[{"count":14,"href":"https:\/\/xn--anne-e-thrapeute-jqb.fr\/index.php?rest_route=\/wp\/v2\/pages\/76\/revisions"}],"predecessor-version":[{"id":227,"href":"https:\/\/xn--anne-e-thrapeute-jqb.fr\/index.php?rest_route=\/wp\/v2\/pages\/76\/revisions\/227"}],"wp:attachment":[{"href":"https:\/\/xn--anne-e-thrapeute-jqb.fr\/index.php?rest_route=%2Fwp%2Fv2%2Fmedia&parent=76"}],"curies":[{"name":"wp","href":"https:\/\/api.w.org\/{rel}","templated":true}]}}