{"id":56,"date":"2025-07-04T05:39:44","date_gmt":"2025-07-04T05:39:44","guid":{"rendered":"http:\/\/xn--anne-e-thrapeute-jqb.fr\/?page_id=56"},"modified":"2025-07-10T12:29:47","modified_gmt":"2025-07-10T12:29:47","slug":"qui-suis-je","status":"publish","type":"page","link":"https:\/\/xn--anne-e-thrapeute-jqb.fr\/?page_id=56","title":{"rendered":"Qui suis-je ?"},"content":{"rendered":"\n<p>\u00a0D\u00e8s mon plus jeune \u00e2ge, j&rsquo;aimais prendre soin des autres et tout naturellement \u00e0 l&rsquo;\u00e2ge adulte, je me suis appropri\u00e9e le m\u00e9tier d&rsquo;infirmi\u00e8re pour apporter mon aide et mon soutien aux personnes malades. Mais au fur et \u00e0 mesure de mes exp\u00e9riences professionnelles, je ressentais le vif d\u00e9sir d&rsquo;aller au plus profond de l&rsquo;\u00eatre humain, bien au del\u00e0 de ses maux physiques.<\/p>\n\n\n\n<p>&nbsp;&nbsp;&nbsp;&nbsp; Je me suis donc int\u00e9ress\u00e9e aux m\u00e9decines parall\u00e8les comme la kin\u00e9siologie et le REIKI, le toucher massage, au d\u00e9veloppement personnel , la relation d&rsquo;aide et derni\u00e8rement \u00e0 l&rsquo;Hypnose. Ces formations m&rsquo;ont permis d&rsquo;adopter une autre approche plus naturelle, plus subtile, et de parler un autre langage avec la personne soign\u00e9e. Comme tout th\u00e9rapeute, j&rsquo;ai adopt\u00e9 au fur et \u00e0 mesure ma propre technique de soin personnelle.<\/p>\n\n\n\n<p>&nbsp;&nbsp;&nbsp;&nbsp;&nbsp; De plus, ce vif d\u00e9sir de toucher l&rsquo;\u00e2me pour d\u00e9couvrir la v\u00e9ritable cause du mal \u00eatre me permet maintenant, dans ma pratique, d&rsquo;acc\u00e9der \u00e0 une dimension au c\u0153ur m\u00eame de l&rsquo;humain.<\/p>\n\n\n\n<p>\u00a0\u00a0\u00a0\u00a0\u00a0 Mes soins \u00e9nerg\u00e9tiques, potentialis\u00e9es par mon magn\u00e9tisme s&rsquo;accordent aux besoins fondamentaux des personnes d\u00e9sirant un retour au naturel, un r\u00e9alignement global , du bien-\u00eatre,\u00a0un <strong>RETOUR \u00e0 SOI.<\/strong><\/p>\n\n\n\n<p>&nbsp;&nbsp;&nbsp;&nbsp;&nbsp; C&rsquo;est ainsi que je&nbsp; propose mes soins en prenant en compte chaque personne dans sa globalit\u00e9 physique, psychologique, \u00e9motionnelle et spirituelle afin de l&rsquo;aider \u00e0 se reconnecter \u00e0 elle-m\u00eame.<\/p>\n\n\n\n<p>&nbsp; &nbsp; &nbsp; J&rsquo;ai suivi la formation au sein de l&rsquo;ICFH \u00e0 Tours et acquis les dipl\u00f4mes de praticienne et de ma\u00eetre praticienne en Hypnose Ericksonienne;&nbsp; En tant qu&rsquo;hypnoth\u00e9rapeute, j&rsquo;ajoute un atout non moins n\u00e9gligeable \u00e0 la prise en charge de votre bien \u00eatre; je vous aiderai \u00e0 lever vos blocages inconscients pour retrouver cette l\u00e9g\u00e8ret\u00e9 de vivre sereinement&nbsp; pour une vie productive et \u00e9panouissante!!!<\/p>\n\n\n\n<p><strong>Je travaille \u00e9galement  \u00e0 distance pour les soins !<\/strong><\/p>\n\n\n\n<p>Je reste fortement persuad\u00e9e que nous avons tous en nous, cette lumi\u00e8re qui ne demande qu&rsquo;\u00e0 briller de tous ses feux !<\/p>\n\n\n\n<p><strong>UN SOIN \u00c9NERG\u00c9TIQUE ou D&rsquo;HYPNOSE,C&rsquo;EST AVANT TOUT UN RDV AVEC SOI M\u00caME!<\/strong><\/p>\n\n\n\n<figure class=\"wp-block-image size-full\"><img loading=\"lazy\" decoding=\"async\" width=\"600\" height=\"400\" src=\"https:\/\/xn--anne-e-thrapeute-jqb.fr\/wp-content\/uploads\/2025\/07\/thumbnail_Nouveau-projet2085.jpg\" alt=\"\" class=\"wp-image-44\" srcset=\"https:\/\/xn--anne-e-thrapeute-jqb.fr\/wp-content\/uploads\/2025\/07\/thumbnail_Nouveau-projet2085.jpg 600w, https:\/\/xn--anne-e-thrapeute-jqb.fr\/wp-content\/uploads\/2025\/07\/thumbnail_Nouveau-projet2085-300x200.jpg 300w\" sizes=\"auto, (max-width: 600px) 100vw, 600px\" \/><\/figure>\n","protected":false},"excerpt":{"rendered":"<p>\u00a0D\u00e8s mon plus jeune \u00e2ge, j&rsquo;aimais prendre soin des autres et tout naturellement \u00e0 l&rsquo;\u00e2ge adulte, je me suis appropri\u00e9e le m\u00e9tier d&rsquo;infirmi\u00e8re pour apporter mon aide et mon soutien aux personnes malades. Mais au fur et \u00e0 mesure de mes exp\u00e9riences professionnelles, je ressentais le vif d\u00e9sir d&rsquo;aller au plus profond de l&rsquo;\u00eatre humain, &hellip; <\/p>\n<p class=\"link-more\"><a href=\"https:\/\/xn--anne-e-thrapeute-jqb.fr\/?page_id=56\" class=\"more-link\">Continuer la lecture<span class=\"screen-reader-text\"> de &laquo;&nbsp;Qui suis-je ?&nbsp;&raquo;<\/span><\/a><\/p>\n","protected":false},"author":1,"featured_media":0,"parent":0,"menu_order":0,"comment_status":"closed","ping_status":"closed","template":"","meta":{"footnotes":""},"class_list":["post-56","page","type-page","status-publish","hentry"],"_links":{"self":[{"href":"https:\/\/xn--anne-e-thrapeute-jqb.fr\/index.php?rest_route=\/wp\/v2\/pages\/56","targetHints":{"allow":["GET"]}}],"collection":[{"href":"https:\/\/xn--anne-e-thrapeute-jqb.fr\/index.php?rest_route=\/wp\/v2\/pages"}],"about":[{"href":"https:\/\/xn--anne-e-thrapeute-jqb.fr\/index.php?rest_route=\/wp\/v2\/types\/page"}],"author":[{"embeddable":true,"href":"https:\/\/xn--anne-e-thrapeute-jqb.fr\/index.php?rest_route=\/wp\/v2\/users\/1"}],"replies":[{"embeddable":true,"href":"https:\/\/xn--anne-e-thrapeute-jqb.fr\/index.php?rest_route=%2Fwp%2Fv2%2Fcomments&post=56"}],"version-history":[{"count":8,"href":"https:\/\/xn--anne-e-thrapeute-jqb.fr\/index.php?rest_route=\/wp\/v2\/pages\/56\/revisions"}],"predecessor-version":[{"id":182,"href":"https:\/\/xn--anne-e-thrapeute-jqb.fr\/index.php?rest_route=\/wp\/v2\/pages\/56\/revisions\/182"}],"wp:attachment":[{"href":"https:\/\/xn--anne-e-thrapeute-jqb.fr\/index.php?rest_route=%2Fwp%2Fv2%2Fmedia&parent=56"}],"curies":[{"name":"wp","href":"https:\/\/api.w.org\/{rel}","templated":true}]}}