{"id":55,"date":"2025-07-04T05:39:44","date_gmt":"2025-07-04T05:39:44","guid":{"rendered":"http:\/\/xn--anne-e-thrapeute-jqb.fr\/?page_id=55"},"modified":"2025-07-10T12:27:00","modified_gmt":"2025-07-10T12:27:00","slug":"cartomancie","status":"publish","type":"page","link":"https:\/\/xn--anne-e-thrapeute-jqb.fr\/?page_id=55","title":{"rendered":"Cartomancie"},"content":{"rendered":"\n<p><\/p>\n\n\n\n<p>UN DOUTE , UNE QUESTION , UNE REPONSE ?<\/p>\n\n\n\n<p>\u200b<\/p>\n\n\n\n<p class=\"has-text-align-left\">\u00a0 \u00a0 \u00a0 \u00a0 \u00a0 \u00a0 \u00a0 \u00a0 \u00a0 \u00a0<strong>Les cartes divinatoires sont l\u00e0 pour vous ECLAIRER <\/strong>!!!<\/p>\n\n\n\n<p class=\"has-text-align-left\">\u200b<\/p>\n\n\n\n<p>La Guidance spirituelle\/cartomancie&nbsp;est un art divinatoire qui doit \u00eatre pratiqu\u00e9 avec s\u00e9rieux et respect.<\/p>\n\n\n\n<figure class=\"wp-block-gallery aligncenter has-nested-images columns-default is-cropped wp-block-gallery-1 is-layout-flex wp-block-gallery-is-layout-flex\">\n<figure class=\"wp-block-image size-large\"><img loading=\"lazy\" decoding=\"async\" width=\"1024\" height=\"768\" data-id=\"90\" src=\"https:\/\/xn--anne-e-thrapeute-jqb.fr\/wp-content\/uploads\/2025\/07\/Made-with-insMind-IMG_20250620_153040-Artguru.png\" alt=\"\" class=\"wp-image-90\" srcset=\"https:\/\/xn--anne-e-thrapeute-jqb.fr\/wp-content\/uploads\/2025\/07\/Made-with-insMind-IMG_20250620_153040-Artguru.png 1024w, https:\/\/xn--anne-e-thrapeute-jqb.fr\/wp-content\/uploads\/2025\/07\/Made-with-insMind-IMG_20250620_153040-Artguru-300x225.png 300w, https:\/\/xn--anne-e-thrapeute-jqb.fr\/wp-content\/uploads\/2025\/07\/Made-with-insMind-IMG_20250620_153040-Artguru-768x576.png 768w\" sizes=\"auto, (max-width: 767px) 89vw, (max-width: 1000px) 54vw, (max-width: 1071px) 543px, 580px\" \/><\/figure>\n<\/figure>\n\n\n\n<p>L&rsquo;intuition , la guidance int\u00e9rieure permettent une bonne lecture et interpr\u00e9tation du jeu en reliance avec votre moi sup\u00e9rieur.<br>Je travaille avec divers supports et me laisse impr\u00e9gner par votre \u00e9nergie et ma propre claire voyance !<\/p>\n\n\n\n<p>Cette guidance permet d&rsquo;\u00e9clairer votre chemin tout en vous laissant votre libre arbitre ; elle est l\u00e0 pour vous aider \u00e0 vous&nbsp;r\u00e9aligner !&nbsp; &nbsp; &nbsp; &nbsp; &nbsp; &nbsp; &nbsp; &nbsp; &nbsp; &nbsp; &nbsp; &nbsp; &nbsp; &nbsp; &nbsp; &nbsp; &nbsp; &nbsp; &nbsp; &nbsp; &nbsp; &nbsp; &nbsp; &nbsp; &nbsp; &nbsp; &nbsp; &nbsp; &nbsp; &nbsp; &nbsp; &nbsp; &nbsp; &nbsp; &nbsp; &nbsp; &nbsp; &nbsp; &nbsp; &nbsp; &nbsp; &nbsp; &nbsp; &nbsp; &nbsp;<\/p>\n\n\n\n<p>La compr\u00e9hension et l&rsquo;acceptation de la s\u00e9ance peuvent s&rsquo;int\u00e9grer progressivement ;ce n&rsquo;est qu&rsquo;une question de temps et de maturation.<\/p>\n\n\n\n<p><strong>Un jour , la lumi\u00e8re se fait !!!<\/strong><\/p>\n\n\n\n<p>TARIF :&nbsp;<\/p>\n\n\n\n<p>40 euros : 1H<\/p>\n\n\n\n<p>Sur Rendez -vous<\/p>\n\n\n<div class=\"wp-block-image\">\n<figure class=\"aligncenter size-large\"><img loading=\"lazy\" decoding=\"async\" width=\"576\" height=\"1024\" src=\"https:\/\/xn--anne-e-thrapeute-jqb.fr\/wp-content\/uploads\/2025\/07\/WhatsApp-Image-2025-07-01-a-14.43.13_8386bfa8-576x1024.jpg\" alt=\"\" class=\"wp-image-106\" style=\"aspect-ratio:3\/4;object-fit:cover\" srcset=\"https:\/\/xn--anne-e-thrapeute-jqb.fr\/wp-content\/uploads\/2025\/07\/WhatsApp-Image-2025-07-01-a-14.43.13_8386bfa8-576x1024.jpg 576w, https:\/\/xn--anne-e-thrapeute-jqb.fr\/wp-content\/uploads\/2025\/07\/WhatsApp-Image-2025-07-01-a-14.43.13_8386bfa8-169x300.jpg 169w, https:\/\/xn--anne-e-thrapeute-jqb.fr\/wp-content\/uploads\/2025\/07\/WhatsApp-Image-2025-07-01-a-14.43.13_8386bfa8-768x1365.jpg 768w, https:\/\/xn--anne-e-thrapeute-jqb.fr\/wp-content\/uploads\/2025\/07\/WhatsApp-Image-2025-07-01-a-14.43.13_8386bfa8-864x1536.jpg 864w, https:\/\/xn--anne-e-thrapeute-jqb.fr\/wp-content\/uploads\/2025\/07\/WhatsApp-Image-2025-07-01-a-14.43.13_8386bfa8.jpg 1080w\" sizes=\"auto, (max-width: 576px) 100vw, 576px\" \/><\/figure>\n<\/div>","protected":false},"excerpt":{"rendered":"<p>UN DOUTE , UNE QUESTION , UNE REPONSE ? \u200b \u00a0 \u00a0 \u00a0 \u00a0 \u00a0 \u00a0 \u00a0 \u00a0 \u00a0 \u00a0Les cartes divinatoires sont l\u00e0 pour vous ECLAIRER !!! \u200b La Guidance spirituelle\/cartomancie&nbsp;est un art divinatoire qui doit \u00eatre pratiqu\u00e9 avec s\u00e9rieux et respect. L&rsquo;intuition , la guidance int\u00e9rieure permettent une bonne lecture et interpr\u00e9tation du &hellip; <\/p>\n<p class=\"link-more\"><a href=\"https:\/\/xn--anne-e-thrapeute-jqb.fr\/?page_id=55\" class=\"more-link\">Continuer la lecture<span class=\"screen-reader-text\"> de &laquo;&nbsp;Cartomancie&nbsp;&raquo;<\/span><\/a><\/p>\n","protected":false},"author":1,"featured_media":0,"parent":0,"menu_order":0,"comment_status":"closed","ping_status":"closed","template":"","meta":{"footnotes":""},"class_list":["post-55","page","type-page","status-publish","hentry"],"_links":{"self":[{"href":"https:\/\/xn--anne-e-thrapeute-jqb.fr\/index.php?rest_route=\/wp\/v2\/pages\/55","targetHints":{"allow":["GET"]}}],"collection":[{"href":"https:\/\/xn--anne-e-thrapeute-jqb.fr\/index.php?rest_route=\/wp\/v2\/pages"}],"about":[{"href":"https:\/\/xn--anne-e-thrapeute-jqb.fr\/index.php?rest_route=\/wp\/v2\/types\/page"}],"author":[{"embeddable":true,"href":"https:\/\/xn--anne-e-thrapeute-jqb.fr\/index.php?rest_route=\/wp\/v2\/users\/1"}],"replies":[{"embeddable":true,"href":"https:\/\/xn--anne-e-thrapeute-jqb.fr\/index.php?rest_route=%2Fwp%2Fv2%2Fcomments&post=55"}],"version-history":[{"count":12,"href":"https:\/\/xn--anne-e-thrapeute-jqb.fr\/index.php?rest_route=\/wp\/v2\/pages\/55\/revisions"}],"predecessor-version":[{"id":186,"href":"https:\/\/xn--anne-e-thrapeute-jqb.fr\/index.php?rest_route=\/wp\/v2\/pages\/55\/revisions\/186"}],"wp:attachment":[{"href":"https:\/\/xn--anne-e-thrapeute-jqb.fr\/index.php?rest_route=%2Fwp%2Fv2%2Fmedia&parent=55"}],"curies":[{"name":"wp","href":"https:\/\/api.w.org\/{rel}","templated":true}]}}