{"id":10,"date":"2025-07-04T05:08:45","date_gmt":"2025-07-04T05:08:45","guid":{"rendered":"http:\/\/xn--anne-e-thrapeute-jqb.fr\/?page_id=10"},"modified":"2025-08-01T15:54:00","modified_gmt":"2025-08-01T15:54:00","slug":"a-propos-de","status":"publish","type":"page","link":"https:\/\/xn--anne-e-thrapeute-jqb.fr\/","title":{"rendered":"\u00c0 propos de"},"content":{"rendered":"\n<figure class=\"wp-block-audio\"><audio controls src=\"https:\/\/xn--anne-e-thrapeute-jqb.fr\/wp-content\/uploads\/2025\/07\/Beautiful-Relaxing-Music-Calming-Piano-Guitar-Music-by-Soothing-Relaxation-1-1.mp3\"><\/audio><\/figure>\n\n\n\n<figure class=\"wp-block-image size-large\"><img loading=\"lazy\" decoding=\"async\" width=\"1024\" height=\"907\" src=\"https:\/\/xn--anne-e-thrapeute-jqb.fr\/wp-content\/uploads\/2025\/07\/IMG_20250620_153018-1-1024x907.jpg\" alt=\"\" class=\"wp-image-187\" srcset=\"https:\/\/xn--anne-e-thrapeute-jqb.fr\/wp-content\/uploads\/2025\/07\/IMG_20250620_153018-1-1024x907.jpg 1024w, https:\/\/xn--anne-e-thrapeute-jqb.fr\/wp-content\/uploads\/2025\/07\/IMG_20250620_153018-1-300x266.jpg 300w, https:\/\/xn--anne-e-thrapeute-jqb.fr\/wp-content\/uploads\/2025\/07\/IMG_20250620_153018-1-768x680.jpg 768w, https:\/\/xn--anne-e-thrapeute-jqb.fr\/wp-content\/uploads\/2025\/07\/IMG_20250620_153018-1-1536x1360.jpg 1536w, https:\/\/xn--anne-e-thrapeute-jqb.fr\/wp-content\/uploads\/2025\/07\/IMG_20250620_153018-1.jpg 1746w\" sizes=\"auto, (max-width: 767px) 89vw, (max-width: 1000px) 54vw, (max-width: 1071px) 543px, 580px\" \/><\/figure>\n\n\n\n<h3 class=\"wp-block-heading has-text-align-left\"><strong>L&rsquo;ENTREPRISE<\/strong><\/h3>\n\n\n\n<p>Ann\u00e9e de cr\u00e9ation<\/p>\n\n\n\n<ul class=\"wp-block-list\">\n<li>2021<br><\/li>\n\n\n\n<li>DIRIGEANTE<\/li>\n\n\n\n<li>Anne EICHENBERGER\n<ul class=\"wp-block-list\">\n<li>Soignante \/ Infirmi\u00e8re de profession<br><\/li>\n<\/ul>\n<\/li>\n<\/ul>\n\n\n\n<p><strong>DIPL\u00d4MES<\/strong><\/p>\n\n\n\n<ul class=\"wp-block-list\">\n<li>Ma\u00eetre Praticienne Hypnose Ericksonnienne par l&rsquo;Institut Centre France d&rsquo;Hypnose Ericksonienne<\/li>\n<\/ul>\n\n\n\n<p><strong>SP\u00c9CIALIT\u00c9S<\/strong><\/p>\n\n\n\n<ul class=\"wp-block-list\">\n<li>Hypnoth\u00e9rapie<\/li>\n\n\n\n<li>Magn\u00e9tiseuse\/ Energ\u00e9ticienne<\/li>\n\n\n\n<li>Soins \u00e9nerg\u00e9tiques en cabinet ou \u00e0 distance<\/li>\n\n\n\n<li>Cartomancie<\/li>\n\n\n\n<li>Soins \u00e0 distance<\/li>\n<\/ul>\n\n\n\n<p><strong>POUR QUELS BESOINS ?<\/strong><\/p>\n\n\n\n<ul class=\"wp-block-list\">\n<li>Tous types de maux du corps et de l&rsquo;esprit\n<ul class=\"wp-block-list\">\n<li>Douleurs diverses<\/li>\n\n\n\n<li>Phobies\/ Angoisse<\/li>\n\n\n\n<li>Traumatismes divers\/ Deuil<\/li>\n\n\n\n<li>Insomnie<\/li>\n\n\n\n<li>Confiance en soi\/ Mal \u00eatre int\u00e9rieur<\/li>\n\n\n\n<li>Arr\u00eat Tabac &#8230;<\/li>\n<\/ul>\n<\/li>\n<\/ul>\n\n\n\n<p><\/p>\n\n\n\n<p>PR\u00c9SIDENTE DE L&rsquo;<a href=\"https:\/\/association-chrysalia.jimdofree.com\/\" target=\"_blank\" rel=\"noreferrer noopener\">ASSOCIATION  D&rsquo;AIDE AU DEUIL : CHRYSALIA<\/a> (cliquez sur le lien pour acc\u00e9der au site)<\/p>\n\n\n<div class=\"wp-block-image\">\n<figure class=\"aligncenter size-large is-resized\"><img loading=\"lazy\" decoding=\"async\" width=\"683\" height=\"1024\" src=\"https:\/\/xn--anne-e-thrapeute-jqb.fr\/wp-content\/uploads\/2025\/07\/WhatsApp-Image-2025-07-01-a-14.43.12_9f72c872-683x1024.jpg\" alt=\"\" class=\"wp-image-131\" style=\"width:392px;height:auto\" srcset=\"https:\/\/xn--anne-e-thrapeute-jqb.fr\/wp-content\/uploads\/2025\/07\/WhatsApp-Image-2025-07-01-a-14.43.12_9f72c872-683x1024.jpg 683w, https:\/\/xn--anne-e-thrapeute-jqb.fr\/wp-content\/uploads\/2025\/07\/WhatsApp-Image-2025-07-01-a-14.43.12_9f72c872-200x300.jpg 200w, https:\/\/xn--anne-e-thrapeute-jqb.fr\/wp-content\/uploads\/2025\/07\/WhatsApp-Image-2025-07-01-a-14.43.12_9f72c872.jpg 750w\" sizes=\"auto, (max-width: 683px) 100vw, 683px\" \/><\/figure>\n<\/div>\n\n\n<p><\/p>\n","protected":false},"excerpt":{"rendered":"<p>L&rsquo;ENTREPRISE Ann\u00e9e de cr\u00e9ation DIPL\u00d4MES SP\u00c9CIALIT\u00c9S POUR QUELS BESOINS ? PR\u00c9SIDENTE DE L&rsquo;ASSOCIATION D&rsquo;AIDE AU DEUIL : CHRYSALIA (cliquez sur le lien pour acc\u00e9der au site)<\/p>\n","protected":false},"author":1,"featured_media":0,"parent":0,"menu_order":0,"comment_status":"closed","ping_status":"closed","template":"","meta":{"footnotes":""},"class_list":["post-10","page","type-page","status-publish","hentry"],"_links":{"self":[{"href":"https:\/\/xn--anne-e-thrapeute-jqb.fr\/index.php?rest_route=\/wp\/v2\/pages\/10","targetHints":{"allow":["GET"]}}],"collection":[{"href":"https:\/\/xn--anne-e-thrapeute-jqb.fr\/index.php?rest_route=\/wp\/v2\/pages"}],"about":[{"href":"https:\/\/xn--anne-e-thrapeute-jqb.fr\/index.php?rest_route=\/wp\/v2\/types\/page"}],"author":[{"embeddable":true,"href":"https:\/\/xn--anne-e-thrapeute-jqb.fr\/index.php?rest_route=\/wp\/v2\/users\/1"}],"replies":[{"embeddable":true,"href":"https:\/\/xn--anne-e-thrapeute-jqb.fr\/index.php?rest_route=%2Fwp%2Fv2%2Fcomments&post=10"}],"version-history":[{"count":30,"href":"https:\/\/xn--anne-e-thrapeute-jqb.fr\/index.php?rest_route=\/wp\/v2\/pages\/10\/revisions"}],"predecessor-version":[{"id":232,"href":"https:\/\/xn--anne-e-thrapeute-jqb.fr\/index.php?rest_route=\/wp\/v2\/pages\/10\/revisions\/232"}],"wp:attachment":[{"href":"https:\/\/xn--anne-e-thrapeute-jqb.fr\/index.php?rest_route=%2Fwp%2Fv2%2Fmedia&parent=10"}],"curies":[{"name":"wp","href":"https:\/\/api.w.org\/{rel}","templated":true}]}}